{"id":8471,"date":"2025-07-09T14:03:13","date_gmt":"2025-07-09T12:03:13","guid":{"rendered":"https:\/\/schnell-wein.de\/catalog\/produkt\/2024er-sauvignon-blanc-feinherb\/"},"modified":"2025-11-25T16:19:22","modified_gmt":"2025-11-25T15:19:22","slug":"2024er-sauvignon-blanc-feinherb","status":"publish","type":"product","link":"https:\/\/schnell-wein.de\/catalog\/produkt\/2024er-sauvignon-blanc-feinherb\/","title":{"rendered":"<br>2024er Sauvignon blanc feinherb<br>"},"content":{"rendered":"<div align=\"left\"><font size=\"1\">2024er  Sauvignon blanc Qualit\u00e4tswein  feinherb 0,75l<\/p>\n<p>        <font color=\"#666666\"><!-- IBGHTML --><font face=\"Arial\">Aromen nach Grapefruit und gr\u00fcner Paprika, <\/p>\n<p>ansprechende S\u00e4ure<\/font><\/font><\/p>\n<p><\/font><\/div>\n<table WIDTH=\"60%\" BORDER=\"0\" align=\"left\" CELLPADDING=\"0\" CELLSPACING=\"0\"><\/p>\n<tr><\/p>\n<td width=\"53%\"><font size=\"-1\">Artikelnummer:<\/font><\/td>\n<td width=\"47%\"><font size=\"-1\"><strong>29<\/strong><\/font><\/td>\n<p><\/tr>\n<tr><\/p>\n<td><font size=\"-1\">Inhalt<\/font><\/td>\n<td><font size=\"-1\"><strong>0,75 Ltr.<\/strong><\/font><\/td>\n<p><\/tr>\n<tr ALIGN=\"LEFT\"><\/p>\n<td><font size=\"-1\">Preis\/Ltr.<\/font><\/td>\n<td><font size=\"-1\"><strong>8,93 EUR pro Ltr.<\/strong><\/font><\/td>\n<p><\/tr>\n<tr><\/p>\n<td><font size=\"-1\">Weinart:<\/font><\/td>\n<td><font size=\"-1\"><strong>Wei\u00dfwein<\/strong><\/font><\/td>\n<p><\/tr>\n<tr><\/p>\n<td><font size=\"-1\">Qualit&auml;tsstufe<\/font><\/td>\n<td><font size=\"-1\"><strong>Qualit\u00e4tswein<\/strong><\/font><\/td>\n<p><\/tr>\n<tr><\/p>\n<td><font size=\"-1\">Rebsorte<\/font><\/td>\n<td><font size=\"-1\"><strong>Sauvignon blanc<\/strong><\/font><\/td>\n<p><\/tr>\n<tr>  <\/p>\n<td><font size=\"-1\">Restzuckergehalt<\/font><\/td>\n<p>  <\/p>\n<td><font size=\"-1\"><strong>1,7 g\/Ltr.<\/strong><\/font><\/td>\n<p><\/tr>\n<p><\/p>\n<tr><\/p>\n<td><font size=\"-1\">Alkoholgehalt<\/font><\/td>\n<td><font size=\"-1\"><strong>12,5 Vol. %<\/strong><\/font><\/td>\n<p><\/tr>\n<p><\/p>\n<tr>\n<td><font size=\"-1\">Bio:<\/font><\/td>\n<td><font size=\"-1\"><strong>NEIN<\/strong><\/font><\/td>\n<\/tr>\n<p><\/p>\n<tr>\n<td><font size=\"-1\">vegan:<\/font><\/td>\n<td><font size=\"-1\"><strong>NEIN<\/strong><\/font><\/td>\n<\/tr>\n<p><\/p>\n<tr>\n<td><font size=\"-1\">Ursprungsland:<\/font><\/td>\n<td><font size=\"-1\"><strong><\/strong><\/font><\/td>\n<\/tr>\n<p><\/p>\n<tr>\n<td><font size=\"-1\">enth\u00e4lt Allergene:<\/font><\/td>\n<td><font size=\"-1\"><strong>Sulfite<\/strong><\/font><\/td>\n<\/tr>\n<p><\/table>\n<p>&nbsp;<\/p>\n<p><\/p>\n<p>&nbsp;<\/p>\n<p><\/p>\n<p>&nbsp;<\/p>\n<p><\/p>\n<p><font size=\"-1\" face=\"Arial, Helvetica, sans-serif\">enth\u00e4lt Sulfite<\/font><\/p>\n<p>[END]<\/p>\n","protected":false},"excerpt":{"rendered":"<p>2024er Sauvignon blanc Qualit\u00e4tswein feinherb 0,75l Aromen nach Grapefruit und gr\u00fcner Paprika, ansprechende S\u00e4ure Artikelnummer: 29 Inhalt 0,75 Ltr. Preis\/Ltr. 8,93 EUR pro Ltr. Weinart: Wei\u00dfwein Qualit&auml;tsstufe Qualit\u00e4tswein Rebsorte Sauvignon blanc Restzuckergehalt 1,7 g\/Ltr. Alkoholgehalt 12,5 Vol. % Bio: NEIN vegan: NEIN Ursprungsland: enth\u00e4lt Allergene: Sulfite &nbsp; &nbsp; &nbsp; enth\u00e4lt Sulfite [END]<\/p>\n","protected":false},"featured_media":2045,"template":"","meta":[],"product_brand":[],"product_cat":[762],"product_tag":[],"class_list":{"0":"post-8471","1":"product","2":"type-product","3":"status-publish","4":"has-post-thumbnail","6":"product_cat-weisswein-trocken-halbtrocken","8":"first","9":"instock","10":"taxable","11":"shipping-taxable","12":"purchasable","13":"product-type-simple"},"_links":{"self":[{"href":"https:\/\/schnell-wein.de\/catalog\/wp-json\/wp\/v2\/product\/8471"}],"collection":[{"href":"https:\/\/schnell-wein.de\/catalog\/wp-json\/wp\/v2\/product"}],"about":[{"href":"https:\/\/schnell-wein.de\/catalog\/wp-json\/wp\/v2\/types\/product"}],"wp:featuredmedia":[{"embeddable":true,"href":"https:\/\/schnell-wein.de\/catalog\/wp-json\/wp\/v2\/media\/2045"}],"wp:attachment":[{"href":"https:\/\/schnell-wein.de\/catalog\/wp-json\/wp\/v2\/media?parent=8471"}],"wp:term":[{"taxonomy":"product_brand","embeddable":true,"href":"https:\/\/schnell-wein.de\/catalog\/wp-json\/wp\/v2\/product_brand?post=8471"},{"taxonomy":"product_cat","embeddable":true,"href":"https:\/\/schnell-wein.de\/catalog\/wp-json\/wp\/v2\/product_cat?post=8471"},{"taxonomy":"product_tag","embeddable":true,"href":"https:\/\/schnell-wein.de\/catalog\/wp-json\/wp\/v2\/product_tag?post=8471"}],"curies":[{"name":"wp","href":"https:\/\/api.w.org\/{rel}","templated":true}]}}